{"id":158,"date":"2025-09-27T11:11:52","date_gmt":"2025-09-27T11:11:52","guid":{"rendered":"http:\/\/bakery.bbcbiarritz.fr\/bbcbiarritz\/?page_id=158"},"modified":"2025-10-29T10:21:26","modified_gmt":"2025-10-29T10:21:26","slug":"a-propos","status":"publish","type":"page","link":"https:\/\/bakery.bbcbiarritz.fr\/bbcbiarritz\/index.php\/a-propos\/","title":{"rendered":"A Propos"},"content":{"rendered":"\t\t<div data-elementor-type=\"wp-page\" data-elementor-id=\"158\" class=\"elementor elementor-158\">\n\t\t\t\t<div class=\"elementor-element elementor-element-3166c4d e-flex e-con-boxed e-con e-parent\" data-id=\"3166c4d\" data-element_type=\"container\">\n\t\t\t\t\t<div class=\"e-con-inner\">\n\t\t\t\t<div class=\"elementor-element elementor-element-f31e632 elementor-widget elementor-widget-heading\" data-id=\"f31e632\" data-element_type=\"widget\" data-widget_type=\"heading.default\">\n\t\t\t\t\t<h1 class=\"elementor-heading-title elementor-size-default\">A Propos de Nous<\/h1>\t\t\t\t<\/div>\n\t\t\t\t\t<\/div>\n\t\t\t\t<\/div>\n\t\t<div class=\"elementor-element elementor-element-9cd3144 e-flex e-con-boxed e-con e-parent\" data-id=\"9cd3144\" data-element_type=\"container\">\n\t\t\t\t\t<div class=\"e-con-inner\">\n\t\t\t\t<div class=\"elementor-element elementor-element-531544a elementor-widget elementor-widget-spacer\" data-id=\"531544a\" data-element_type=\"widget\" data-widget_type=\"spacer.default\">\n\t\t\t\t\t\t\t<div class=\"elementor-spacer\">\n\t\t\t<div class=\"elementor-spacer-inner\"><\/div>\n\t\t<\/div>\n\t\t\t\t\t\t<\/div>\n\t\t\t\t\t<\/div>\n\t\t\t\t<\/div>\n\t\t<div class=\"elementor-element elementor-element-da552a0 e-flex e-con-boxed e-con e-parent\" data-id=\"da552a0\" data-element_type=\"container\">\n\t\t\t\t\t<div class=\"e-con-inner\">\n\t\t<div class=\"elementor-element elementor-element-982ea73 e-con-full e-flex e-con e-child\" data-id=\"982ea73\" data-element_type=\"container\">\n\t\t<div class=\"elementor-element elementor-element-8636fa7 e-con-full e-grid e-con e-child\" data-id=\"8636fa7\" data-element_type=\"container\">\n\t\t<div class=\"elementor-element elementor-element-73bdcdc e-con-full e-flex e-con e-child\" data-id=\"73bdcdc\" data-element_type=\"container\">\n\t\t\t\t<div class=\"elementor-element elementor-element-aebae93 elementor-widget elementor-widget-heading\" data-id=\"aebae93\" data-element_type=\"widget\" data-widget_type=\"heading.default\">\n\t\t\t\t\t<h2 class=\"elementor-heading-title elementor-size-default\">Notre histoire<\/h2>\t\t\t\t<\/div>\n\t\t\t\t<div class=\"elementor-element elementor-element-d7e10bf elementor-widget__width-initial elementor-widget elementor-widget-text-editor\" data-id=\"d7e10bf\" data-element_type=\"widget\" data-widget_type=\"text-editor.default\">\n\t\t\t\t\t\t\t\t\t<p>Bakery Bliss Caf\u00e9 est n\u00e9 d\u2019un r\u00eave simple : apporter la chaleur et les saveurs du <a href=\"https:\/\/www.en-pays-basque.fr\/\">Pays Basque<\/a> \u00e0 l\u2019exp\u00e9rience classique du caf\u00e9 am\u00e9ricain.<\/p><p>Inspir\u00e9s par les boulangeries traditionnelles de Biarritz et l\u2019\u00e9nergie vibrante des boutiques de donuts am\u00e9ricaines, nous avons entrepris de cr\u00e9er un espace unique o\u00f9 les cultures se m\u00e9langent et o\u00f9 se cr\u00e9ent de d\u00e9licieux souvenirs.<\/p><p>Notre vision est d\u2019\u00eatre plus qu\u2019un simple caf\u00e9 ! <br \/>Nous aspirons \u00e0 \u00eatre un centre communautaire o\u00f9 les habitants et les touristes peuvent se r\u00e9unir, se connecter et savourer les joies simples de la vie.<\/p>\t\t\t\t\t\t\t\t<\/div>\n\t\t\t\t<\/div>\n\t\t\t\t<\/div>\n\t\t<div class=\"elementor-element elementor-element-48a13b6 e-con-full e-flex e-con e-child\" data-id=\"48a13b6\" data-element_type=\"container\">\n\t\t<div class=\"elementor-element elementor-element-8efd70f e-con-full e-flex e-con e-child\" data-id=\"8efd70f\" data-element_type=\"container\">\n\t\t\t\t<div class=\"elementor-element elementor-element-a4fb105 elementor-widget elementor-widget-heading\" data-id=\"a4fb105\" data-element_type=\"widget\" data-widget_type=\"heading.default\">\n\t\t\t\t\t<h2 class=\"elementor-heading-title elementor-size-default\">Nos Valeurs<\/h2>\t\t\t\t<\/div>\n\t\t<div class=\"elementor-element elementor-element-7b8bfd4 e-con-full e-flex e-con e-child\" data-id=\"7b8bfd4\" data-element_type=\"container\">\n\t\t\t\t<div class=\"elementor-element elementor-element-4ff6774 elementor-widget elementor-widget-html\" data-id=\"4ff6774\" data-element_type=\"widget\" data-widget_type=\"html.default\">\n\t\t\t\t\t<div class=\"about-values\">\n  <p>\u2b50<span class=\"value-title\">Authenticit\u00e9 :<\/span> Nous c\u00e9l\u00e9brons les traditions du Pays Basque tout en int\u00e9grant l\u2019esprit chaleureux des coffee shops US.<\/p>\n\n  <p>\ud83c\udfc5<span class=\"value-title\">Qualit\u00e9 :<\/span> Nous nous engageons \u00e0 utiliser des <strong>locaux frais<\/strong> et de qualit\u00e9, en favorisant les <strong>producteurs locaux<\/strong>.<\/p>\n\n  <p>\ud83e\udd1d<span class=\"value-title\">Convivialit\u00e9 :<\/span> Nous cr\u00e9ons un environnement <strong>accueillant<\/strong> et chaleureux o\u00f9 chaque client se sent comme chez lui.<\/p>\n\n  <p>\ud83c\udfa8<span class=\"value-title\">Cr\u00e9ativit\u00e9 :<\/span> Nous proposons des <strong>donuts gourmands<\/strong> et des boissons <strong>originales<\/strong> qui \u00e9voluent au fil des saisons.<\/p>\n<\/div>\n\t\t\t\t<\/div>\n\t\t\t\t<\/div>\n\t\t\t\t<\/div>\n\t\t\t\t<\/div>\n\t\t\t\t<\/div>\n\t\t<div class=\"elementor-element elementor-element-64fe2b5 e-con-full e-grid e-con e-child\" data-id=\"64fe2b5\" data-element_type=\"container\">\n\t\t\t\t<\/div>\n\t\t\t\t\t<\/div>\n\t\t\t\t<\/div>\n\t\t<div class=\"elementor-element elementor-element-5d27283 e-flex e-con-boxed e-con e-parent\" data-id=\"5d27283\" data-element_type=\"container\">\n\t\t\t\t\t<div class=\"e-con-inner\">\n\t\t\t\t<div class=\"elementor-element elementor-element-3097bfd elementor-widget elementor-widget-spacer\" data-id=\"3097bfd\" data-element_type=\"widget\" data-widget_type=\"spacer.default\">\n\t\t\t\t\t\t\t<div class=\"elementor-spacer\">\n\t\t\t<div class=\"elementor-spacer-inner\"><\/div>\n\t\t<\/div>\n\t\t\t\t\t\t<\/div>\n\t\t\t\t\t<\/div>\n\t\t\t\t<\/div>\n\t\t<div class=\"elementor-element elementor-element-743d8d0 e-flex e-con-boxed e-con e-parent\" data-id=\"743d8d0\" data-element_type=\"container\">\n\t\t\t\t\t<div class=\"e-con-inner\">\n\t\t<div class=\"elementor-element elementor-element-a76a974 e-con-full e-flex e-con e-child\" data-id=\"a76a974\" data-element_type=\"container\">\n\t\t\t\t<div class=\"elementor-element elementor-element-c21411b elementor-widget elementor-widget-image\" data-id=\"c21411b\" data-element_type=\"widget\" data-widget_type=\"image.default\">\n\t\t\t\t\t\t\t\t\t\t\t\t\t\t\t<img fetchpriority=\"high\" decoding=\"async\" width=\"541\" height=\"541\" src=\"https:\/\/bakery.bbcbiarritz.fr\/bbcbiarritz\/wp-content\/uploads\/2025\/09\/Entrepreneuse-1.jpeg\" class=\"attachment-full size-full wp-image-264\" alt=\"L\u00e9a Chavez\" srcset=\"https:\/\/bakery.bbcbiarritz.fr\/bbcbiarritz\/wp-content\/uploads\/2025\/09\/Entrepreneuse-1.jpeg 541w, https:\/\/bakery.bbcbiarritz.fr\/bbcbiarritz\/wp-content\/uploads\/2025\/09\/Entrepreneuse-1-300x300.jpeg 300w, https:\/\/bakery.bbcbiarritz.fr\/bbcbiarritz\/wp-content\/uploads\/2025\/09\/Entrepreneuse-1-150x150.jpeg 150w\" sizes=\"(max-width: 541px) 100vw, 541px\" \/>\t\t\t\t\t\t\t\t\t\t\t\t\t\t\t<\/div>\n\t\t\t\t<div class=\"elementor-element elementor-element-10b4102 elementor-widget elementor-widget-heading\" data-id=\"10b4102\" data-element_type=\"widget\" data-widget_type=\"heading.default\">\n\t\t\t\t\t<h3 class=\"elementor-heading-title elementor-size-default\">L\u00e9a Alvarez<\/h3>\t\t\t\t<\/div>\n\t\t\t\t<div class=\"elementor-element elementor-element-bf059e1 elementor-widget elementor-widget-text-editor\" data-id=\"bf059e1\" data-element_type=\"widget\" data-widget_type=\"text-editor.default\">\n\t\t\t\t\t\t\t\t\t<p>V\u00e9ritable entrepreneuse dans l\u2019\u00e2me, L\u00e9a allie sa passion pour la gastronomie \u00e0 son expertise en gestion et marketing.<br \/>Sa cr\u00e9ativit\u00e9 ne s\u2019exprime pas seulement dans l\u2019\u00e9laboration de recettes originales, mais aussi dans la mani\u00e8re dont elle imagine l\u2019identit\u00e9 et le rayonnement de Bakery Bliss Caf\u00e9.<br \/>Toujours \u00e0 l\u2019aff\u00fbt des tendances, elle veille \u00e0 ce que chaque cr\u00e9ation refl\u00e8te l\u2019authenticit\u00e9 du Pays Basque.<\/p>\t\t\t\t\t\t\t\t<\/div>\n\t\t\t\t<\/div>\n\t\t<div class=\"elementor-element elementor-element-b0e6ee3 e-con-full e-flex e-con e-child\" data-id=\"b0e6ee3\" data-element_type=\"container\">\n\t\t\t\t<div class=\"elementor-element elementor-element-2cc75fc elementor-widget elementor-widget-image\" data-id=\"2cc75fc\" data-element_type=\"widget\" data-widget_type=\"image.default\">\n\t\t\t\t\t\t\t\t\t\t\t\t\t\t\t<img decoding=\"async\" width=\"690\" height=\"690\" src=\"https:\/\/bakery.bbcbiarritz.fr\/bbcbiarritz\/wp-content\/uploads\/2025\/09\/Entrepreneuse-2.jpeg\" class=\"attachment-medium_large size-medium_large wp-image-265\" alt=\"Sophie Dubois\" srcset=\"https:\/\/bakery.bbcbiarritz.fr\/bbcbiarritz\/wp-content\/uploads\/2025\/09\/Entrepreneuse-2.jpeg 690w, https:\/\/bakery.bbcbiarritz.fr\/bbcbiarritz\/wp-content\/uploads\/2025\/09\/Entrepreneuse-2-300x300.jpeg 300w, https:\/\/bakery.bbcbiarritz.fr\/bbcbiarritz\/wp-content\/uploads\/2025\/09\/Entrepreneuse-2-150x150.jpeg 150w\" sizes=\"(max-width: 690px) 100vw, 690px\" \/>\t\t\t\t\t\t\t\t\t\t\t\t\t\t\t<\/div>\n\t\t\t\t<div class=\"elementor-element elementor-element-0ce364a elementor-widget elementor-widget-heading\" data-id=\"0ce364a\" data-element_type=\"widget\" data-widget_type=\"heading.default\">\n\t\t\t\t\t<h3 class=\"elementor-heading-title elementor-size-default\">Sophie Dubois<\/h3>\t\t\t\t<\/div>\n\t\t\t\t<div class=\"elementor-element elementor-element-995e347 elementor-widget elementor-widget-text-editor\" data-id=\"995e347\" data-element_type=\"widget\" data-widget_type=\"text-editor.default\">\n\t\t\t\t\t\t\t\t\t<div>\u00a0Form\u00e9e \u00e0 l\u2019art de la p\u00e2tisserie, Sophie est le coeur gourmand du projet. En tant que Chef-p\u00e2tissi\u00e8re, elle revisite les grands classique avec audace : donuts inspir\u00e9s du g\u00e2teau basque, cr\u00e9ations chocolat\u00e9es, ou encore p\u00e2tisseries aux notes locales et \u00e9pic\u00e9es.<br \/>Amoureuse des produits de qualit\u00e9, elle met son savoir-faire au service de recettes g\u00e9n\u00e9reuses pour une exp\u00e9rience douce et m\u00e9morable<\/div>\t\t\t\t\t\t\t\t<\/div>\n\t\t\t\t<\/div>\n\t\t\t\t\t<\/div>\n\t\t\t\t<\/div>\n\t\t\t\t<\/div>\n\t\t","protected":false},"excerpt":{"rendered":"<p>A Propos de Nous Notre histoire Bakery Bliss Caf\u00e9 est n\u00e9 d\u2019un r\u00eave simple : apporter la chaleur et les saveurs du Pays Basque \u00e0 l\u2019exp\u00e9rience classique du caf\u00e9 am\u00e9ricain. Inspir\u00e9s par les boulangeries traditionnelles de Biarritz et l\u2019\u00e9nergie vibrante des boutiques de donuts am\u00e9ricaines, nous avons entrepris de cr\u00e9er un espace unique o\u00f9 les [&hellip;]<\/p>\n","protected":false},"author":1,"featured_media":0,"parent":0,"menu_order":0,"comment_status":"closed","ping_status":"closed","template":"","meta":{"footnotes":""},"class_list":["post-158","page","type-page","status-publish","hentry"],"_links":{"self":[{"href":"https:\/\/bakery.bbcbiarritz.fr\/bbcbiarritz\/index.php\/wp-json\/wp\/v2\/pages\/158","targetHints":{"allow":["GET"]}}],"collection":[{"href":"https:\/\/bakery.bbcbiarritz.fr\/bbcbiarritz\/index.php\/wp-json\/wp\/v2\/pages"}],"about":[{"href":"https:\/\/bakery.bbcbiarritz.fr\/bbcbiarritz\/index.php\/wp-json\/wp\/v2\/types\/page"}],"author":[{"embeddable":true,"href":"https:\/\/bakery.bbcbiarritz.fr\/bbcbiarritz\/index.php\/wp-json\/wp\/v2\/users\/1"}],"replies":[{"embeddable":true,"href":"https:\/\/bakery.bbcbiarritz.fr\/bbcbiarritz\/index.php\/wp-json\/wp\/v2\/comments?post=158"}],"version-history":[{"count":46,"href":"https:\/\/bakery.bbcbiarritz.fr\/bbcbiarritz\/index.php\/wp-json\/wp\/v2\/pages\/158\/revisions"}],"predecessor-version":[{"id":670,"href":"https:\/\/bakery.bbcbiarritz.fr\/bbcbiarritz\/index.php\/wp-json\/wp\/v2\/pages\/158\/revisions\/670"}],"wp:attachment":[{"href":"https:\/\/bakery.bbcbiarritz.fr\/bbcbiarritz\/index.php\/wp-json\/wp\/v2\/media?parent=158"}],"curies":[{"name":"wp","href":"https:\/\/api.w.org\/{rel}","templated":true}]}}